{"id":25,"date":"2023-06-13T17:18:03","date_gmt":"2023-06-13T15:18:03","guid":{"rendered":"http:\/\/brunovicaire.com\/index.php\/home\/"},"modified":"2023-06-13T17:18:03","modified_gmt":"2023-06-13T15:18:03","slug":"home","status":"publish","type":"page","link":"https:\/\/brunovicaire.com\/","title":{"rendered":"Home"},"content":{"rendered":"<section class=\"hts-section hts-hero\">\n    <div class=\"hts-hero-spacer\"><\/div>\n    <div class=\"hts-hero-content\">\n        <div class=\"hts-hero-image\">\n            <img decoding=\"async\" src=\"https:\/\/images.unsplash.com\/photo-1493612276216-ee3925520721?crop=entropy\" alt=\"background\" \/>\n        <\/div>\n        <div class=\"hts-hero-block\">\n            <div class=\"hts-hero-body\">\n                <div class=\"hts-hero-details\">\n                    <div>\n                        <h1>Confiance en soi pour les entrepreneurs<\/h1>\n                        <p>Bruno Coaching &#038; Consulting vous aide \u00e0 surmonter les \u00e9preuves de la vie d&#8217;un entrepreneur et \u00e0 exploser les croyances limitantes sur vos capacit\u00e9s.<\/p>\n                        <a href=\"https:\/\/brunovicaire.com\/index.php\/about\/\" class=\"btn primary\" >Read more<\/a>\n                    <\/div>\n                    <div class=\"hts-hero-body-image\">\n                        <img decoding=\"async\" src=\"https:\/\/images.unsplash.com\/photo-1493612276216-ee3925520721?crop=entropy\" alt=\"background\" \/>\n                    <\/div>\n                    <div class=\"hts-hero-footer\">\n                        <div class=\"hts-social\">\n                                                                                                                                        <\/div>\n                        <p class=\"hts-title\">Retrouvez la confiance en vous et r\u00e9ussissez dans votre entreprise.<\/p>\n                    <\/div>\n                <\/div>\n            <\/div>\n        <\/div>\n    <\/div>\n<\/section><section class=\"hts-section hts-no-border hts-posts hts-featured-post-wrapper\">\n    <div>\n                <div class=\"hts-posts-header\">\n            <h2 class=\"hts-title\">Featured post<\/h2>\n        <\/div>\n                <div class=\"hts-featured-post\">\n            <!-- Post -->\n            <div class=\"hts-post\">\n                <div class=\"hts-image-wrapper\">\n                                        <a href=\"https:\/\/brunovicaire.com\/index.php\/2023\/06\/13\/comment-retrouver-la-confiance-en-soi-en-tant-quentrepreneur\/\" class=\"hts-featured-post-link\">\n                        <img decoding=\"async\" src=\"https:\/\/brunovicaire.com\/wp-content\/themes\/hostinger-blog\/build\/images\/placeholder.jpg\"\n                            alt=\"featured\">\n                    <\/a>\n                                                        <\/div>\n                <div class=\"hts-post-details\">\n                    <div class=\"hts-posts-body-header\">\n                        <h2 class=\"hts-title\">Featured post<\/h2>\n                    <\/div>\n                    <div class=\"hts-capsules\">\n                                                                                                                        <a href=\"https:\/\/brunovicaire.com\/index.php\/category\/blog\/\">\n                            <div>Blog<\/div>\n                        <\/a>\n                                                                                            <\/div>\n                                        <a href=\"https:\/\/brunovicaire.com\/index.php\/2023\/06\/13\/comment-retrouver-la-confiance-en-soi-en-tant-quentrepreneur\/\">\n                        <h3 class=\"hts-title\">Comment retrouver la confiance en soi en tant qu\u2019entrepreneur<\/h3>\n                    <\/a>\n                                                            <p class=\"small\">June 13, 2023 | by brunovicaire.com<\/p>\n                                    <\/div>\n            <\/div>\n        <\/div>\n    <\/div>\n<\/section><section class=\"hts-section hts-posts\">\n    <hr class=\"full\">\n    <div>\n        <div class=\"hts-posts-header\">\n            <h2 class=\"hts-title\">Latest posts<\/h2>\n            <a href=\"https:\/\/brunovicaire.com\/index.php\/blog\/\" class=\"hts-posts-action\">\n                <p>View all<\/p>\n                <img decoding=\"async\" src=\"https:\/\/brunovicaire.com\/wp-content\/themes\/hostinger-blog\/build\/images\/icon-arrow-right.svg\" alt=\"view all\">\n            <\/a>\n        <\/div>\n        <div class=\"hts-posts-list\">\n                        <div class=\"hts-post hts-large\">\n                                <div class=\"hts-image-wrapper\">\n                                        <a href=\"https:\/\/brunovicaire.com\/index.php\/2023\/06\/13\/comment-retrouver-la-confiance-en-soi-en-tant-quentrepreneur\/\" class=\"hts-featured-post-link\">\n                        <img decoding=\"async\" src=\"https:\/\/brunovicaire.com\/wp-content\/themes\/hostinger-blog\/build\/images\/placeholder3.jpg\"\n                            alt=\"featured\">\n                    <\/a>\n                                                        <\/div>\n                <div class=\"hts-post-details\">\n                    <div class=\"hts-capsules\">\n                                                                                                                        <a href=\"https:\/\/brunovicaire.com\/index.php\/category\/blog\/\">\n                            <div>Blog<\/div>\n                        <\/a>\n                                                                                            <\/div>\n                    <a href=\"https:\/\/brunovicaire.com\/index.php\/2023\/06\/13\/comment-retrouver-la-confiance-en-soi-en-tant-quentrepreneur\/\">\n                        <h3 class=\"hts-title\">Comment retrouver la confiance en soi en tant qu\u2019entrepreneur<\/h3>\n                    <\/a>\n                                        <p class=\"small\">June 13, 2023 | by brunovicaire.com<\/p>\n                                    <\/div>\n            <\/div>\n                        <div class=\"hts-post \">\n                                <div class=\"hts-image-wrapper\">\n                                        <a href=\"https:\/\/brunovicaire.com\/index.php\/2023\/06\/13\/comment-retrouver-la-confiance-en-soi-pour-reussir-en-tant-quentrepreneur-2\/\" class=\"hts-featured-post-link\">\n                        <img decoding=\"async\" src=\"https:\/\/images.unsplash.com\/photo-1608999383953-d61f5d9c1ace?crop=entropy\" title=\"Photo by Prateek Katyal\" alt=\"i am a good girl i am a good girl\">                    <\/a>\n                                        <span class=\"hts-unsplash-data\">Photo by <a href=\"https:\/\/unsplash.com\/de\/@prateekkatyal?utm_source=hostinger&#038;utm_medium=referral\" rel=\"nofollow\">Prateek Katyal<\/a> on <a href=\"https:\/\/unsplash.com\/?utm_source=hostinger&#038;utm_medium=referral\" rel=\"nofollow\">Unsplash<\/a><\/span>                <\/div>\n                <div class=\"hts-post-details\">\n                    <div class=\"hts-capsules\">\n                                                                                                                        <a href=\"https:\/\/brunovicaire.com\/index.php\/category\/blog\/\">\n                            <div>Blog<\/div>\n                        <\/a>\n                                                                                            <\/div>\n                    <a href=\"https:\/\/brunovicaire.com\/index.php\/2023\/06\/13\/comment-retrouver-la-confiance-en-soi-pour-reussir-en-tant-quentrepreneur-2\/\">\n                        <h3 class=\"hts-title\">Comment retrouver la confiance en soi pour r\u00e9ussir en tant qu&#8217;entrepreneur ?<\/h3>\n                    <\/a>\n                                        <p class=\"small\">June 13, 2023 | by brunovicaire.com<\/p>\n                                    <\/div>\n            <\/div>\n                        <div class=\"hts-post \">\n                                <div class=\"hts-image-wrapper\">\n                                        <a href=\"https:\/\/brunovicaire.com\/index.php\/2023\/06\/13\/comment-retrouver-la-confiance-en-soi-pour-reussir-en-tant-quentrepreneur\/\" class=\"hts-featured-post-link\">\n                        <img decoding=\"async\" src=\"https:\/\/images.unsplash.com\/photo-1661956602926-db6b25f75947?crop=entropy\" title=\"Photo by Mailchimp\" alt=\"a desk with a lamp and a lamp on it\">                    <\/a>\n                                        <span class=\"hts-unsplash-data\">Photo by <a href=\"https:\/\/unsplash.com\/@mailchimp?utm_source=hostinger&#038;utm_medium=referral\" rel=\"nofollow\">Mailchimp<\/a> on <a href=\"https:\/\/unsplash.com\/?utm_source=hostinger&#038;utm_medium=referral\" rel=\"nofollow\">Unsplash<\/a><\/span>                <\/div>\n                <div class=\"hts-post-details\">\n                    <div class=\"hts-capsules\">\n                                                                                                                        <a href=\"https:\/\/brunovicaire.com\/index.php\/category\/blog\/\">\n                            <div>Blog<\/div>\n                        <\/a>\n                                                                                            <\/div>\n                    <a href=\"https:\/\/brunovicaire.com\/index.php\/2023\/06\/13\/comment-retrouver-la-confiance-en-soi-pour-reussir-en-tant-quentrepreneur\/\">\n                        <h3 class=\"hts-title\">Comment retrouver la confiance en soi pour r\u00e9ussir en tant qu&#8217;entrepreneur ?<\/h3>\n                    <\/a>\n                                        <p class=\"small\">June 13, 2023 | by brunovicaire.com<\/p>\n                                    <\/div>\n            <\/div>\n                    <\/div>\n    <\/div>\n<\/section><section class=\"hts-section hts-newsletter\">\n\t<hr class=\"full\">\n\t<div class=\"wrapper\">\n\t<div>\n\t\t<h3 class=\"hts-title\">Newsletter<\/h3>\n\t\t<p>Subscribe to stay up-to-date with my latest creative projects, insights, and tips.<\/p>\n\t<\/div>\n\t<div class=\"hts-newsletter-block\">\n\t\t<form>\n\t\t\t<input type=\"hidden\" id=\"newsletter_nonce\" name=\"newsletter_nonce\" value=\"8822b707ae\" \/><input type=\"hidden\" name=\"_wp_http_referer\" value=\"\/index.php\/wp-json\/wp\/v2\/pages\/25\" \/>\t\t\t<label for=\"hts-newsletter-email\">Email<\/label>\n\t\t\t<input type=\"email\"\n\t\t\t       id=\"hts-newsletter-email\"\n\t\t\t       name=\"newsletter_email\"\n\t\t\t       placeholder=\"What\u2019s your email?\">\n\t\t\t<div class=\"validate-message\"><\/div>\n\t\t\t<div class=\"hts-privacy-agree\">\n\t\t\t\t<label class=\"hts-form-control\">\n\t\t\t\t<input type=\"checkbox\" id=\"privacy-policy-checkbox\" name=\"privacy_policy\" required>\n\t\t\t\t<\/label>\n\t\t\t\t<span>\n\t\t\t\t\tI consent to use of my email address for the purpose of receiving newsletters as described in <a href=\"\" target=\"_blank\">Privacy Policy<\/a>, which I have read. I may withdraw my consent at any time.\t\t\t\t<\/span>\n\t\t\t<\/div>\n\t\t\t<input type=\"submit\" class=\"btn primary\" value=\"Subscribe\"\/>\n\t\t<\/form>\n\t<\/div>\n\t<\/div>\n<\/section>","protected":false},"excerpt":{"rendered":"","protected":false},"author":1,"featured_media":0,"parent":0,"menu_order":0,"comment_status":"closed","ping_status":"closed","template":"","meta":{"om_disable_all_campaigns":false,"_monsterinsights_skip_tracking":false,"_monsterinsights_sitenote_active":false,"_monsterinsights_sitenote_note":"","_monsterinsights_sitenote_category":0,"footnotes":""},"class_list":["post-25","page","type-page","status-publish","hentry"],"_links":{"self":[{"href":"https:\/\/brunovicaire.com\/index.php\/wp-json\/wp\/v2\/pages\/25","targetHints":{"allow":["GET"]}}],"collection":[{"href":"https:\/\/brunovicaire.com\/index.php\/wp-json\/wp\/v2\/pages"}],"about":[{"href":"https:\/\/brunovicaire.com\/index.php\/wp-json\/wp\/v2\/types\/page"}],"author":[{"embeddable":true,"href":"https:\/\/brunovicaire.com\/index.php\/wp-json\/wp\/v2\/users\/1"}],"replies":[{"embeddable":true,"href":"https:\/\/brunovicaire.com\/index.php\/wp-json\/wp\/v2\/comments?post=25"}],"version-history":[{"count":1,"href":"https:\/\/brunovicaire.com\/index.php\/wp-json\/wp\/v2\/pages\/25\/revisions"}],"predecessor-version":[{"id":33,"href":"https:\/\/brunovicaire.com\/index.php\/wp-json\/wp\/v2\/pages\/25\/revisions\/33"}],"wp:attachment":[{"href":"https:\/\/brunovicaire.com\/index.php\/wp-json\/wp\/v2\/media?parent=25"}],"curies":[{"name":"wp","href":"https:\/\/api.w.org\/{rel}","templated":true}]}}